{"id":943,"date":"2024-12-02T10:37:22","date_gmt":"2024-12-02T09:37:22","guid":{"rendered":"https:\/\/dev.gestinet.info\/?page_id=943"},"modified":"2025-07-23T10:01:14","modified_gmt":"2025-07-23T08:01:14","slug":"trabaje-con-nosotros","status":"publish","type":"page","link":"https:\/\/gestinet.info\/es\/trabaje-con-nosotros\/","title":{"rendered":"Trabaje con nosotros"},"content":{"rendered":"\t\t<div data-elementor-type=\"wp-page\" data-elementor-id=\"943\" class=\"elementor elementor-943\" data-elementor-post-type=\"page\">\n\t\t\t\t<div class=\"elementor-element elementor-element-4a43505 e-con-full e-flex e-con e-parent\" data-id=\"4a43505\" data-element_type=\"container\" data-e-type=\"container\">\n\t\t\t\t<div class=\"elementor-element elementor-element-5ad9647 elementor-widget elementor-widget-heading\" data-id=\"5ad9647\" data-element_type=\"widget\" data-e-type=\"widget\" data-widget_type=\"heading.default\">\n\t\t\t\t<div class=\"elementor-widget-container\">\n\t\t\t\t\t<h1 class=\"elementor-heading-title elementor-size-default\">Trabaja con Nosotros en Gestinet<\/h1>\t\t\t\t<\/div>\n\t\t\t\t<\/div>\n\t\t\t\t<div class=\"elementor-element elementor-element-388616d elementor-widget__width-initial elementor-widget elementor-widget-text-editor\" data-id=\"388616d\" data-element_type=\"widget\" data-e-type=\"widget\" data-widget_type=\"text-editor.default\">\n\t\t\t\t<div class=\"elementor-widget-container\">\n\t\t\t\t\t\t\t\t\t<p>En <strong>Gestinet<\/strong>, somos una empresa l\u00edder en soluciones inform\u00e1ticas, comprometida con la innovaci\u00f3n, la excelencia y el desarrollo profesional de nuestros colaboradores. Nos especializamos en ofrecer servicios integrales de tecnolog\u00eda para empresas, ayudando a transformar negocios a trav\u00e9s de la digitalizaci\u00f3n y el soporte tecnol\u00f3gico.<\/p><p>Estamos en busca de personas apasionadas por la tecnolog\u00eda, el dise\u00f1o y el desarrollo, que deseen formar parte de un equipo din\u00e1mico y orientado al crecimiento. Si buscas un entorno laboral donde tus ideas y habilidades sean valoradas, \u00a1este es el lugar para ti!<\/p>\t\t\t\t\t\t\t\t<\/div>\n\t\t\t\t<\/div>\n\t\t<div class=\"elementor-element elementor-element-97d86d1 e-con-full e-flex e-con e-child\" data-id=\"97d86d1\" data-element_type=\"container\" data-e-type=\"container\">\n\t\t<div class=\"elementor-element elementor-element-08b0933 e-grid e-con-full e-con e-child\" data-id=\"08b0933\" data-element_type=\"container\" data-e-type=\"container\">\n\t\t<div class=\"elementor-element elementor-element-d1d2945 e-con-full e-flex e-con e-child\" data-id=\"d1d2945\" data-element_type=\"container\" data-e-type=\"container\" data-settings=\"{&quot;background_background&quot;:&quot;gradient&quot;}\">\n\t\t\t\t<div class=\"elementor-element elementor-element-85d70f4 elementor-widget elementor-widget-heading\" data-id=\"85d70f4\" data-element_type=\"widget\" data-e-type=\"widget\" data-widget_type=\"heading.default\">\n\t\t\t\t<div class=\"elementor-widget-container\">\n\t\t\t\t\t<h2 class=\"elementor-heading-title elementor-size-default\">Dise\u00f1ador \/ Programador<\/h2>\t\t\t\t<\/div>\n\t\t\t\t<\/div>\n\t\t\t\t<div class=\"elementor-element elementor-element-3561aec elementor-widget__width-initial elementor-widget elementor-widget-text-editor\" data-id=\"3561aec\" data-element_type=\"widget\" data-e-type=\"widget\" data-widget_type=\"text-editor.default\">\n\t\t\t\t<div class=\"elementor-widget-container\">\n\t\t\t\t\t\t\t\t\t<p>Buscamos un perfil creativo y t\u00e9cnico que combine habilidades de dise\u00f1o con capacidades de programaci\u00f3n.<\/p><p><strong>Responsabilidades:<\/strong><\/p><ul><li>Dise\u00f1ar interfaces visuales atractivas y funcionales para aplicaciones y p\u00e1ginas web.<\/li><li>Programar funcionalidades innovadoras que optimicen la experiencia del usuario.<\/li><li>Colaborar con el equipo de desarrollo en proyectos multidisciplinarios.<\/li><\/ul><p>\u00a0<\/p><p><strong>Requisitos:<\/strong><\/p><ul><li>Experiencia en dise\u00f1o UI\/UX y lenguajes de programaci\u00f3n como HTML, CSS, JavaScript, etc.<\/li><li>Creatividad y atenci\u00f3n al detalle.<\/li><\/ul>\t\t\t\t\t\t\t\t<\/div>\n\t\t\t\t<\/div>\n\t\t\t\t<div class=\"elementor-element elementor-element-a300a45 elementor-align-justify elementor-widget elementor-widget-button\" data-id=\"a300a45\" data-element_type=\"widget\" data-e-type=\"widget\" data-widget_type=\"button.default\">\n\t\t\t\t<div class=\"elementor-widget-container\">\n\t\t\t\t\t\t\t\t\t<div class=\"elementor-button-wrapper\">\n\t\t\t\t\t<a class=\"elementor-button elementor-button-link elementor-size-sm\" href=\"#\">\n\t\t\t\t\t\t<span class=\"elementor-button-content-wrapper\">\n\t\t\t\t\t\t\t\t\t<span class=\"elementor-button-text\">Enviar CV<\/span>\n\t\t\t\t\t<\/span>\n\t\t\t\t\t<\/a>\n\t\t\t\t<\/div>\n\t\t\t\t\t\t\t\t<\/div>\n\t\t\t\t<\/div>\n\t\t\t\t<\/div>\n\t\t<div class=\"elementor-element elementor-element-91765af e-con-full e-flex e-con e-child\" data-id=\"91765af\" data-element_type=\"container\" data-e-type=\"container\" data-settings=\"{&quot;background_background&quot;:&quot;gradient&quot;}\">\n\t\t\t\t<div class=\"elementor-element elementor-element-bbc79fb elementor-widget elementor-widget-heading\" data-id=\"bbc79fb\" data-element_type=\"widget\" data-e-type=\"widget\" data-widget_type=\"heading.default\">\n\t\t\t\t<div class=\"elementor-widget-container\">\n\t\t\t\t\t<h2 class=\"elementor-heading-title elementor-size-default\">Analista \/ Desarrollador de Aplicaciones<\/h2>\t\t\t\t<\/div>\n\t\t\t\t<\/div>\n\t\t\t\t<div class=\"elementor-element elementor-element-da3c25e elementor-widget__width-initial elementor-widget elementor-widget-text-editor\" data-id=\"da3c25e\" data-element_type=\"widget\" data-e-type=\"widget\" data-widget_type=\"text-editor.default\">\n\t\t\t\t<div class=\"elementor-widget-container\">\n\t\t\t\t\t\t\t\t\t<p>\u00bfTienes pasi\u00f3n por crear aplicaciones que marquen la diferencia? Este puesto es para ti.<\/p><p><strong>Responsabilidades:<\/strong><\/p><ul><li>Analizar las necesidades del cliente y proponer soluciones tecnol\u00f3gicas a medida.<\/li><li>Dise\u00f1ar, desarrollar y mantener aplicaciones m\u00f3viles y web.<\/li><li>Optimizar el rendimiento y funcionalidad de las aplicaciones.<\/li><\/ul><p>\u00a0<\/p><p><strong>Requisitos:<\/strong><\/p><ul><li>Experiencia en lenguajes de programaci\u00f3n como Java, Kotlin, Swift o Flutter.<\/li><li>Capacidad anal\u00edtica y resoluci\u00f3n de problemas.<\/li><\/ul>\t\t\t\t\t\t\t\t<\/div>\n\t\t\t\t<\/div>\n\t\t\t\t<div class=\"elementor-element elementor-element-8c67ed8 elementor-align-justify elementor-widget elementor-widget-button\" data-id=\"8c67ed8\" data-element_type=\"widget\" data-e-type=\"widget\" data-widget_type=\"button.default\">\n\t\t\t\t<div class=\"elementor-widget-container\">\n\t\t\t\t\t\t\t\t\t<div class=\"elementor-button-wrapper\">\n\t\t\t\t\t<a class=\"elementor-button elementor-button-link elementor-size-sm\" href=\"#\">\n\t\t\t\t\t\t<span class=\"elementor-button-content-wrapper\">\n\t\t\t\t\t\t\t\t\t<span class=\"elementor-button-text\">Enviar CV<\/span>\n\t\t\t\t\t<\/span>\n\t\t\t\t\t<\/a>\n\t\t\t\t<\/div>\n\t\t\t\t\t\t\t\t<\/div>\n\t\t\t\t<\/div>\n\t\t\t\t<\/div>\n\t\t<div class=\"elementor-element elementor-element-d5f041b e-con-full e-flex e-con e-child\" data-id=\"d5f041b\" data-element_type=\"container\" data-e-type=\"container\" data-settings=\"{&quot;background_background&quot;:&quot;gradient&quot;}\">\n\t\t\t\t<div class=\"elementor-element elementor-element-d0bacda elementor-widget elementor-widget-heading\" data-id=\"d0bacda\" data-element_type=\"widget\" data-e-type=\"widget\" data-widget_type=\"heading.default\">\n\t\t\t\t<div class=\"elementor-widget-container\">\n\t\t\t\t\t<h2 class=\"elementor-heading-title elementor-size-default\">T\u00e9cnico Inform\u00e1tico \/ T\u00e9cnico de Sistemas<\/h2>\t\t\t\t<\/div>\n\t\t\t\t<\/div>\n\t\t\t\t<div class=\"elementor-element elementor-element-c3e4d98 elementor-widget__width-initial elementor-widget elementor-widget-text-editor\" data-id=\"c3e4d98\" data-element_type=\"widget\" data-e-type=\"widget\" data-widget_type=\"text-editor.default\">\n\t\t\t\t<div class=\"elementor-widget-container\">\n\t\t\t\t\t\t\t\t\t<p>S\u00e9 parte de nuestro equipo de soporte t\u00e9cnico, garantizando la estabilidad y eficiencia de los sistemas inform\u00e1ticos de nuestros clientes.<\/p><p><strong>Responsabilidades:<\/strong><\/p><ul><li>Instalaci\u00f3n, configuraci\u00f3n y mantenimiento de equipos y redes inform\u00e1ticas.<\/li><li>Diagn\u00f3stico y resoluci\u00f3n de problemas t\u00e9cnicos.<\/li><li>Garantizar la seguridad y el respaldo de la informaci\u00f3n.<\/li><\/ul><p>\u00a0<\/p><p><strong>Requisitos:<\/strong><\/p><ul><li>Conocimientos en sistemas operativos, redes y ciberseguridad.<\/li><li>Actitud proactiva y habilidades de comunicaci\u00f3n.<\/li><\/ul>\t\t\t\t\t\t\t\t<\/div>\n\t\t\t\t<\/div>\n\t\t\t\t<div class=\"elementor-element elementor-element-7349dc4 elementor-align-justify elementor-widget elementor-widget-button\" data-id=\"7349dc4\" data-element_type=\"widget\" data-e-type=\"widget\" data-widget_type=\"button.default\">\n\t\t\t\t<div class=\"elementor-widget-container\">\n\t\t\t\t\t\t\t\t\t<div class=\"elementor-button-wrapper\">\n\t\t\t\t\t<a class=\"elementor-button elementor-button-link elementor-size-sm\" href=\"#\">\n\t\t\t\t\t\t<span class=\"elementor-button-content-wrapper\">\n\t\t\t\t\t\t\t\t\t<span class=\"elementor-button-text\">Enviar CV<\/span>\n\t\t\t\t\t<\/span>\n\t\t\t\t\t<\/a>\n\t\t\t\t<\/div>\n\t\t\t\t\t\t\t\t<\/div>\n\t\t\t\t<\/div>\n\t\t\t\t<\/div>\n\t\t\t\t<\/div>\n\t\t\t\t<\/div>\n\t\t\t\t<\/div>\n\t\t\t\t<\/div>\n\t\t","protected":false},"excerpt":{"rendered":"<p>Trabaja con Nosotros en Gestinet En Gestinet, somos una empresa l\u00edder en soluciones inform\u00e1ticas, comprometida con la innovaci\u00f3n, la excelencia y el desarrollo profesional de nuestros colaboradores. Nos especializamos en ofrecer servicios integrales de tecnolog\u00eda para empresas, ayudando a transformar negocios a trav\u00e9s de la digitalizaci\u00f3n y el soporte tecnol\u00f3gico. Estamos en busca de personas [&hellip;]<\/p>\n","protected":false},"author":1,"featured_media":0,"parent":0,"menu_order":0,"comment_status":"closed","ping_status":"closed","template":"","meta":{"footnotes":""},"class_list":["post-943","page","type-page","status-publish","hentry"],"yoast_head":"<!-- This site is optimized with the Yoast SEO plugin v27.4 - https:\/\/yoast.com\/product\/yoast-seo-wordpress\/ -->\n<title>Trabaje con nosotros - Manteniment Inform\u00e0tic - Gestinet<\/title>\n<meta name=\"robots\" content=\"index, follow, max-snippet:-1, max-image-preview:large, max-video-preview:-1\" \/>\n<link rel=\"canonical\" href=\"https:\/\/gestinet.info\/es\/trabaje-con-nosotros\/\" \/>\n<meta property=\"og:locale\" content=\"es_ES\" \/>\n<meta property=\"og:type\" content=\"article\" \/>\n<meta property=\"og:title\" content=\"Trabaje con nosotros - Manteniment Inform\u00e0tic - Gestinet\" \/>\n<meta property=\"og:description\" content=\"Trabaja con Nosotros en Gestinet En Gestinet, somos una empresa l\u00edder en soluciones inform\u00e1ticas, comprometida con la innovaci\u00f3n, la excelencia y el desarrollo profesional de nuestros colaboradores. Nos especializamos en ofrecer servicios integrales de tecnolog\u00eda para empresas, ayudando a transformar negocios a trav\u00e9s de la digitalizaci\u00f3n y el soporte tecnol\u00f3gico. Estamos en busca de personas [&hellip;]\" \/>\n<meta property=\"og:url\" content=\"https:\/\/gestinet.info\/es\/trabaje-con-nosotros\/\" \/>\n<meta property=\"og:site_name\" content=\"Manteniment Inform\u00e0tic - Gestinet\" \/>\n<meta property=\"article:modified_time\" content=\"2025-07-23T08:01:14+00:00\" \/>\n<meta name=\"twitter:card\" content=\"summary_large_image\" \/>\n<meta name=\"twitter:label1\" content=\"Tiempo de lectura\" \/>\n\t<meta name=\"twitter:data1\" content=\"2 minutos\" \/>\n<script type=\"application\/ld+json\" class=\"yoast-schema-graph\">{\"@context\":\"https:\\\/\\\/schema.org\",\"@graph\":[{\"@type\":\"WebPage\",\"@id\":\"https:\\\/\\\/gestinet.info\\\/es\\\/trabaje-con-nosotros\\\/\",\"url\":\"https:\\\/\\\/gestinet.info\\\/es\\\/trabaje-con-nosotros\\\/\",\"name\":\"Trabaje con nosotros - Manteniment Inform\u00e0tic - Gestinet\",\"isPartOf\":{\"@id\":\"https:\\\/\\\/gestinet.info\\\/#website\"},\"datePublished\":\"2024-12-02T09:37:22+00:00\",\"dateModified\":\"2025-07-23T08:01:14+00:00\",\"breadcrumb\":{\"@id\":\"https:\\\/\\\/gestinet.info\\\/es\\\/trabaje-con-nosotros\\\/#breadcrumb\"},\"inLanguage\":\"es\",\"potentialAction\":[{\"@type\":\"ReadAction\",\"target\":[\"https:\\\/\\\/gestinet.info\\\/es\\\/trabaje-con-nosotros\\\/\"]}]},{\"@type\":\"BreadcrumbList\",\"@id\":\"https:\\\/\\\/gestinet.info\\\/es\\\/trabaje-con-nosotros\\\/#breadcrumb\",\"itemListElement\":[{\"@type\":\"ListItem\",\"position\":1,\"name\":\"Portada\",\"item\":\"https:\\\/\\\/gestinet.info\\\/es\\\/\"},{\"@type\":\"ListItem\",\"position\":2,\"name\":\"Trabaje con nosotros\"}]},{\"@type\":\"WebSite\",\"@id\":\"https:\\\/\\\/gestinet.info\\\/#website\",\"url\":\"https:\\\/\\\/gestinet.info\\\/\",\"name\":\"Gestinet\",\"description\":\"Experts en manteniment i suport inform\u00e0tic\",\"publisher\":{\"@id\":\"https:\\\/\\\/gestinet.info\\\/#organization\"},\"potentialAction\":[{\"@type\":\"SearchAction\",\"target\":{\"@type\":\"EntryPoint\",\"urlTemplate\":\"https:\\\/\\\/gestinet.info\\\/?s={search_term_string}\"},\"query-input\":{\"@type\":\"PropertyValueSpecification\",\"valueRequired\":true,\"valueName\":\"search_term_string\"}}],\"inLanguage\":\"es\"},{\"@type\":\"Organization\",\"@id\":\"https:\\\/\\\/gestinet.info\\\/#organization\",\"name\":\"Gestinet\",\"url\":\"https:\\\/\\\/gestinet.info\\\/\",\"logo\":{\"@type\":\"ImageObject\",\"inLanguage\":\"es\",\"@id\":\"https:\\\/\\\/gestinet.info\\\/#\\\/schema\\\/logo\\\/image\\\/\",\"url\":\"https:\\\/\\\/gestinet.info\\\/wp-content\\\/uploads\\\/2024\\\/06\\\/logo-gestinet-negro.png\",\"contentUrl\":\"https:\\\/\\\/gestinet.info\\\/wp-content\\\/uploads\\\/2024\\\/06\\\/logo-gestinet-negro.png\",\"width\":2557,\"height\":1186,\"caption\":\"Gestinet\"},\"image\":{\"@id\":\"https:\\\/\\\/gestinet.info\\\/#\\\/schema\\\/logo\\\/image\\\/\"}}]}<\/script>\n<!-- \/ Yoast SEO plugin. -->","yoast_head_json":{"title":"Trabaje con nosotros - Manteniment Inform\u00e0tic - Gestinet","robots":{"index":"index","follow":"follow","max-snippet":"max-snippet:-1","max-image-preview":"max-image-preview:large","max-video-preview":"max-video-preview:-1"},"canonical":"https:\/\/gestinet.info\/es\/trabaje-con-nosotros\/","og_locale":"es_ES","og_type":"article","og_title":"Trabaje con nosotros - Manteniment Inform\u00e0tic - Gestinet","og_description":"Trabaja con Nosotros en Gestinet En Gestinet, somos una empresa l\u00edder en soluciones inform\u00e1ticas, comprometida con la innovaci\u00f3n, la excelencia y el desarrollo profesional de nuestros colaboradores. Nos especializamos en ofrecer servicios integrales de tecnolog\u00eda para empresas, ayudando a transformar negocios a trav\u00e9s de la digitalizaci\u00f3n y el soporte tecnol\u00f3gico. Estamos en busca de personas [&hellip;]","og_url":"https:\/\/gestinet.info\/es\/trabaje-con-nosotros\/","og_site_name":"Manteniment Inform\u00e0tic - Gestinet","article_modified_time":"2025-07-23T08:01:14+00:00","twitter_card":"summary_large_image","twitter_misc":{"Tiempo de lectura":"2 minutos"},"schema":{"@context":"https:\/\/schema.org","@graph":[{"@type":"WebPage","@id":"https:\/\/gestinet.info\/es\/trabaje-con-nosotros\/","url":"https:\/\/gestinet.info\/es\/trabaje-con-nosotros\/","name":"Trabaje con nosotros - Manteniment Inform\u00e0tic - Gestinet","isPartOf":{"@id":"https:\/\/gestinet.info\/#website"},"datePublished":"2024-12-02T09:37:22+00:00","dateModified":"2025-07-23T08:01:14+00:00","breadcrumb":{"@id":"https:\/\/gestinet.info\/es\/trabaje-con-nosotros\/#breadcrumb"},"inLanguage":"es","potentialAction":[{"@type":"ReadAction","target":["https:\/\/gestinet.info\/es\/trabaje-con-nosotros\/"]}]},{"@type":"BreadcrumbList","@id":"https:\/\/gestinet.info\/es\/trabaje-con-nosotros\/#breadcrumb","itemListElement":[{"@type":"ListItem","position":1,"name":"Portada","item":"https:\/\/gestinet.info\/es\/"},{"@type":"ListItem","position":2,"name":"Trabaje con nosotros"}]},{"@type":"WebSite","@id":"https:\/\/gestinet.info\/#website","url":"https:\/\/gestinet.info\/","name":"Gestinet","description":"Experts en manteniment i suport inform\u00e0tic","publisher":{"@id":"https:\/\/gestinet.info\/#organization"},"potentialAction":[{"@type":"SearchAction","target":{"@type":"EntryPoint","urlTemplate":"https:\/\/gestinet.info\/?s={search_term_string}"},"query-input":{"@type":"PropertyValueSpecification","valueRequired":true,"valueName":"search_term_string"}}],"inLanguage":"es"},{"@type":"Organization","@id":"https:\/\/gestinet.info\/#organization","name":"Gestinet","url":"https:\/\/gestinet.info\/","logo":{"@type":"ImageObject","inLanguage":"es","@id":"https:\/\/gestinet.info\/#\/schema\/logo\/image\/","url":"https:\/\/gestinet.info\/wp-content\/uploads\/2024\/06\/logo-gestinet-negro.png","contentUrl":"https:\/\/gestinet.info\/wp-content\/uploads\/2024\/06\/logo-gestinet-negro.png","width":2557,"height":1186,"caption":"Gestinet"},"image":{"@id":"https:\/\/gestinet.info\/#\/schema\/logo\/image\/"}}]}},"_links":{"self":[{"href":"https:\/\/gestinet.info\/es\/wp-json\/wp\/v2\/pages\/943","targetHints":{"allow":["GET"]}}],"collection":[{"href":"https:\/\/gestinet.info\/es\/wp-json\/wp\/v2\/pages"}],"about":[{"href":"https:\/\/gestinet.info\/es\/wp-json\/wp\/v2\/types\/page"}],"author":[{"embeddable":true,"href":"https:\/\/gestinet.info\/es\/wp-json\/wp\/v2\/users\/1"}],"replies":[{"embeddable":true,"href":"https:\/\/gestinet.info\/es\/wp-json\/wp\/v2\/comments?post=943"}],"version-history":[{"count":25,"href":"https:\/\/gestinet.info\/es\/wp-json\/wp\/v2\/pages\/943\/revisions"}],"predecessor-version":[{"id":3313,"href":"https:\/\/gestinet.info\/es\/wp-json\/wp\/v2\/pages\/943\/revisions\/3313"}],"wp:attachment":[{"href":"https:\/\/gestinet.info\/es\/wp-json\/wp\/v2\/media?parent=943"}],"curies":[{"name":"wp","href":"https:\/\/api.w.org\/{rel}","templated":true}]}}