{"id":453,"date":"2024-07-04T14:42:54","date_gmt":"2024-07-04T12:42:54","guid":{"rendered":"https:\/\/dev.gestinet.info\/?page_id=453"},"modified":"2024-11-14T12:07:25","modified_gmt":"2024-11-14T11:07:25","slug":"actualidad","status":"publish","type":"page","link":"https:\/\/gestinet.info\/es\/actualidad\/","title":{"rendered":"Actualidad"},"content":{"rendered":"\t\t<div data-elementor-type=\"wp-page\" data-elementor-id=\"453\" class=\"elementor elementor-453\" data-elementor-post-type=\"page\">\n\t\t\t\t<div class=\"elementor-element elementor-element-7b26d62 e-con-full e-flex e-con e-parent\" data-id=\"7b26d62\" data-element_type=\"container\" data-e-type=\"container\">\n\t\t\t\t<div class=\"elementor-element elementor-element-aeb217a elementor-widget elementor-widget-shortcode\" data-id=\"aeb217a\" data-element_type=\"widget\" data-e-type=\"widget\" data-widget_type=\"shortcode.default\">\n\t\t\t\t<div class=\"elementor-widget-container\">\n\t\t\t\t\t\t\t<div class=\"elementor-shortcode\"><div class=\"ultimos-posts-wrapper\"><div class=\"post-item\" style=\"background-image: url(https:\/\/gestinet.info\/wp-content\/uploads\/2026\/04\/Gestion-de-servidores-y-mantenimiento-informatico-en-Rubi-300x180.webp);\"><div class=\"post-content\"><h3 class=\"post-title\">Gesti\u00f3n de servidores y mantenimiento inform\u00e1tico en Rub\u00ed: estabilidad para tu infraestructura IT<\/h3><p class=\"post-excerpt\">Contar con un servicios de servidores y mantenimiento inform\u00e1tico en Rub\u00ed confiable es esencial para cualquier empresa que dependa de...<\/p><a href=\"https:\/\/gestinet.info\/es\/gestion-de-servidores-y-mantenimiento-informatico-en-rubi-estabilidad-para-tu-infraestructura-it\/\" class=\"saber-mas\">Saber m\u00e1s<\/a><\/div><\/div><div class=\"post-item\" style=\"background-image: url(https:\/\/gestinet.info\/wp-content\/uploads\/2026\/04\/Migracion-de-datos-y-aplicaciones-en-Barcelona-300x180.webp);\"><div class=\"post-content\"><h3 class=\"post-title\">Migraci\u00f3n de datos y aplicaciones en Barcelona: evoluci\u00f3n sin riesgos<\/h3><p class=\"post-excerpt\">La migraci\u00f3n de datos y aplicaciones en Barcelona se ha convertido en una necesidad estrat\u00e9gica para empresas que desean actualizar...<\/p><a href=\"https:\/\/gestinet.info\/es\/migracion-de-datos-y-aplicaciones-en-barcelona-evolucion-sin-riesgos\/\" class=\"saber-mas\">Saber m\u00e1s<\/a><\/div><\/div><div class=\"post-item\" style=\"background-image: url(https:\/\/gestinet.info\/wp-content\/uploads\/2025\/09\/mantenimiento-informatico-en-Tarragona-300x180.jpg);\"><div class=\"post-content\"><h3 class=\"post-title\">Empresa de servicios inform\u00e1ticos en Girona: asesor\u00eda y soporte adaptado a tu empresa<\/h3><p class=\"post-excerpt\">Contar con una empresa de servicios inform\u00e1ticos en Girona confiable es fundamental para garantizar que la infraestructura tecnol\u00f3gica de tu...<\/p><a href=\"https:\/\/gestinet.info\/es\/empresa-de-servicios-informaticos-en-girona-asesoria-y-soporte-adaptado-a-tu-empresa\/\" class=\"saber-mas\">Saber m\u00e1s<\/a><\/div><\/div><div class=\"post-item\" style=\"background-image: url(https:\/\/gestinet.info\/wp-content\/uploads\/2026\/03\/Contratos-de-mantenimiento-informatico-en-Vic-300x180.webp);\"><div class=\"post-content\"><h3 class=\"post-title\">Contratos de mantenimiento inform\u00e1tico en Vic: soporte continuo y fiable<\/h3><p class=\"post-excerpt\">El mantenimiento inform\u00e1tico en Vic es un elemento estrat\u00e9gico para garantizar que los sistemas tecnol\u00f3gicos de una empresa funcionen de...<\/p><a href=\"https:\/\/gestinet.info\/es\/contratos-de-mantenimiento-informatico-en-vic-soporte-continuo-y-fiable\/\" class=\"saber-mas\">Saber m\u00e1s<\/a><\/div><\/div><div class=\"post-item\" style=\"background-image: url(https:\/\/gestinet.info\/wp-content\/uploads\/2026\/03\/Mantenimiento-preventivo-y-correctivo-en-Terrassa-300x180.webp);\"><div class=\"post-content\"><h3 class=\"post-title\">Mantenimiento preventivo y correctivo en Terrassa: reduce fallos y mejora la eficiencia operativa<\/h3><p class=\"post-excerpt\">El mantenimiento preventivo y correctivo en Terrassa es un servicio clave para garantizar que los sistemas inform\u00e1ticos de cualquier empresa...<\/p><a href=\"https:\/\/gestinet.info\/es\/mantenimiento-preventivo-y-correctivo-en-terrassa-reduce-fallos-y-mejora-la-eficiencia-operativa\/\" class=\"saber-mas\">Saber m\u00e1s<\/a><\/div><\/div><div class=\"post-item\" style=\"background-image: url(https:\/\/gestinet.info\/wp-content\/uploads\/2026\/03\/Soporte-informatico-en-Mataro-300x180.webp);\"><div class=\"post-content\"><h3 class=\"post-title\">Soporte inform\u00e1tico en Matar\u00f2: soluciones t\u00e9cnicas para entornos empresariales<\/h3><p class=\"post-excerpt\">Contar con un soporte inform\u00e1tico en Matar\u00f3 profesional se ha convertido en una necesidad estrat\u00e9gica para empresas que buscan operar...<\/p><a href=\"https:\/\/gestinet.info\/es\/soporte-informatico-en-mataro-soluciones-tecnicas-para-entornos-empresariales\/\" class=\"saber-mas\">Saber m\u00e1s<\/a><\/div><\/div><div class=\"post-item\" style=\"background-image: url(https:\/\/gestinet.info\/wp-content\/uploads\/2026\/03\/Servicios-de-help-desk-en-Alboraya-300x180.webp);\"><div class=\"post-content\"><h3 class=\"post-title\">Servicios de help desk en Alboraya: atenci\u00f3n inmediata para tu empresa<\/h3><p class=\"post-excerpt\">Los Servicios de help desk en Alboraya se han convertido en un recurso imprescindible para las empresas que buscan resolver...<\/p><a href=\"https:\/\/gestinet.info\/es\/servicios-de-help-desk-en-alboraya-atencion-inmediata-para-tu-empresa\/\" class=\"saber-mas\">Saber m\u00e1s<\/a><\/div><\/div><div class=\"post-item\" style=\"background-image: url(https:\/\/gestinet.info\/wp-content\/uploads\/2026\/02\/Mantenimiento-informatico-para-empresas-en-Mataro-300x200.webp);\"><div class=\"post-content\"><h3 class=\"post-title\">Mantenimiento inform\u00e1tico para empresas en Matar\u00f3: tecnolog\u00eda eficiente sin interrupciones<\/h3><p class=\"post-excerpt\">El mantenimiento inform\u00e1tico para empresas en Matar\u00f3 se ha convertido en una pieza clave para garantizar el correcto funcionamiento de...<\/p><a href=\"https:\/\/gestinet.info\/es\/mantenimiento-informatico-para-empresas-en-mataro-tecnologia-eficiente-sin-interrupciones\/\" class=\"saber-mas\">Saber m\u00e1s<\/a><\/div><\/div><div class=\"post-item\" style=\"background-image: url(https:\/\/gestinet.info\/wp-content\/uploads\/2025\/08\/mantenimiento-informatico-en-Badalona-300x180.jpg);\"><div class=\"post-content\"><h3 class=\"post-title\">Servicios inform\u00e1ticos para empresas en Sabadell: soluciones a medida con soporte profesional<\/h3><p class=\"post-excerpt\">Los servicios inform\u00e1ticos para empresas en Sabadell son hoy un factor clave para garantizar la eficiencia, la seguridad y la...<\/p><a href=\"https:\/\/gestinet.info\/es\/servicios-informaticos-para-empresas-en-sabadell-soluciones-a-medida-con-soporte-profesional\/\" class=\"saber-mas\">Saber m\u00e1s<\/a><\/div><\/div><div class=\"post-item\" style=\"background-image: url(https:\/\/gestinet.info\/wp-content\/uploads\/2025\/08\/mantenimiento-informatico-en-Sabadell-300x180.jpg);\"><div class=\"post-content\"><h3 class=\"post-title\">Empresa de soporte inform\u00e1tico en Ontinyent: asistencia profesional sin interrupciones<\/h3><p class=\"post-excerpt\">Contar con un servicio de soporte inform\u00e1tico en Ontinyent es una necesidad esencial para las empresas que quieren mantener su...<\/p><a href=\"https:\/\/gestinet.info\/es\/empresa-de-soporte-informatico-en-ontinyent-asistencia-profesional-sin-interrupciones\/\" class=\"saber-mas\">Saber m\u00e1s<\/a><\/div><\/div><div class=\"post-item\" style=\"background-image: url(https:\/\/gestinet.info\/wp-content\/uploads\/2025\/05\/Como-elegir-un-buen-servicio-de-mantenimiento-informatico-en-Barcelona-300x180.png);\"><div class=\"post-content\"><h3 class=\"post-title\">Servicios inform\u00e1ticos en Barcelona: soluciones completas para negocios exigentes<\/h3><p class=\"post-excerpt\">Los servicios inform\u00e1ticos en Barcelona son hoy un elemento esencial para todas aquellas empresas que buscan garantizar su rendimiento, seguridad...<\/p><a href=\"https:\/\/gestinet.info\/es\/servicios-informaticos-en-barcelona-soluciones-completas-para-negocios-exigentes\/\" class=\"saber-mas\">Saber m\u00e1s<\/a><\/div><\/div><div class=\"post-item\" style=\"background-image: url(https:\/\/gestinet.info\/wp-content\/uploads\/2025\/06\/Installacio-i-manteniment-de-software-per-empresa-a-Badalona-300x180.webp);\"><div class=\"post-content\"><h3 class=\"post-title\">Soporte inform\u00e1tico para empresas en Terrassa: agilidad, cercan\u00eda y experiencia<\/h3><p class=\"post-excerpt\">Contar con un servicio de soporte inform\u00e1tico para empresas en Terrassa se ha convertido en una necesidad clave para cualquier...<\/p><a href=\"https:\/\/gestinet.info\/es\/soporte-informatico-para-empresas-en-terrassa-agilidad-cercania-y-experiencia\/\" class=\"saber-mas\">Saber m\u00e1s<\/a><\/div><\/div><div class=\"pagination\"><span aria-current=\"page\" class=\"page-numbers current\">1<\/span>\n<a class=\"page-numbers\" href=\"https:\/\/gestinet.info\/es\/wp-json\/wp\/v2\/pages\/453\/page\/2\/\">2<\/a>\n<a class=\"page-numbers\" href=\"https:\/\/gestinet.info\/es\/wp-json\/wp\/v2\/pages\/453\/page\/3\/\">3<\/a>\n<a class=\"page-numbers\" href=\"https:\/\/gestinet.info\/es\/wp-json\/wp\/v2\/pages\/453\/page\/4\/\">4<\/a>\n<a class=\"next page-numbers\" href=\"https:\/\/gestinet.info\/es\/wp-json\/wp\/v2\/pages\/453\/page\/2\/\">Siguiente &raquo;<\/a><\/div><\/div><\/div>\n\t\t\t\t\t\t<\/div>\n\t\t\t\t<\/div>\n\t\t\t\t<\/div>\n\t\t\t\t<\/div>\n\t\t","protected":false},"excerpt":{"rendered":"","protected":false},"author":1,"featured_media":0,"parent":0,"menu_order":0,"comment_status":"closed","ping_status":"closed","template":"","meta":{"footnotes":""},"class_list":["post-453","page","type-page","status-publish","hentry"],"yoast_head":"<!-- This site is optimized with the Yoast SEO plugin v27.3 - https:\/\/yoast.com\/product\/yoast-seo-wordpress\/ -->\n<title>Actualidad - Manteniment Inform\u00e0tic - Gestinet<\/title>\n<meta name=\"robots\" content=\"index, follow, max-snippet:-1, max-image-preview:large, max-video-preview:-1\" \/>\n<link rel=\"canonical\" href=\"https:\/\/gestinet.info\/es\/actualidad\/\" \/>\n<meta property=\"og:locale\" content=\"es_ES\" \/>\n<meta property=\"og:type\" content=\"article\" \/>\n<meta property=\"og:title\" content=\"Actualidad - Manteniment Inform\u00e0tic - Gestinet\" \/>\n<meta property=\"og:url\" content=\"https:\/\/gestinet.info\/es\/actualidad\/\" \/>\n<meta property=\"og:site_name\" content=\"Manteniment Inform\u00e0tic - Gestinet\" \/>\n<meta property=\"article:modified_time\" content=\"2024-11-14T11:07:25+00:00\" \/>\n<meta name=\"twitter:card\" content=\"summary_large_image\" \/>\n<script type=\"application\/ld+json\" class=\"yoast-schema-graph\">{\"@context\":\"https:\\\/\\\/schema.org\",\"@graph\":[{\"@type\":\"WebPage\",\"@id\":\"https:\\\/\\\/gestinet.info\\\/es\\\/actualidad\\\/\",\"url\":\"https:\\\/\\\/gestinet.info\\\/es\\\/actualidad\\\/\",\"name\":\"Actualidad - Manteniment Inform\u00e0tic - Gestinet\",\"isPartOf\":{\"@id\":\"https:\\\/\\\/gestinet.info\\\/#website\"},\"datePublished\":\"2024-07-04T12:42:54+00:00\",\"dateModified\":\"2024-11-14T11:07:25+00:00\",\"breadcrumb\":{\"@id\":\"https:\\\/\\\/gestinet.info\\\/es\\\/actualidad\\\/#breadcrumb\"},\"inLanguage\":\"es\",\"potentialAction\":[{\"@type\":\"ReadAction\",\"target\":[\"https:\\\/\\\/gestinet.info\\\/es\\\/actualidad\\\/\"]}]},{\"@type\":\"BreadcrumbList\",\"@id\":\"https:\\\/\\\/gestinet.info\\\/es\\\/actualidad\\\/#breadcrumb\",\"itemListElement\":[{\"@type\":\"ListItem\",\"position\":1,\"name\":\"Portada\",\"item\":\"https:\\\/\\\/gestinet.info\\\/es\\\/\"},{\"@type\":\"ListItem\",\"position\":2,\"name\":\"Actualidad\"}]},{\"@type\":\"WebSite\",\"@id\":\"https:\\\/\\\/gestinet.info\\\/#website\",\"url\":\"https:\\\/\\\/gestinet.info\\\/\",\"name\":\"Gestinet\",\"description\":\"Experts en manteniment i suport inform\u00e0tic\",\"publisher\":{\"@id\":\"https:\\\/\\\/gestinet.info\\\/#organization\"},\"potentialAction\":[{\"@type\":\"SearchAction\",\"target\":{\"@type\":\"EntryPoint\",\"urlTemplate\":\"https:\\\/\\\/gestinet.info\\\/?s={search_term_string}\"},\"query-input\":{\"@type\":\"PropertyValueSpecification\",\"valueRequired\":true,\"valueName\":\"search_term_string\"}}],\"inLanguage\":\"es\"},{\"@type\":\"Organization\",\"@id\":\"https:\\\/\\\/gestinet.info\\\/#organization\",\"name\":\"Gestinet\",\"url\":\"https:\\\/\\\/gestinet.info\\\/\",\"logo\":{\"@type\":\"ImageObject\",\"inLanguage\":\"es\",\"@id\":\"https:\\\/\\\/gestinet.info\\\/#\\\/schema\\\/logo\\\/image\\\/\",\"url\":\"https:\\\/\\\/gestinet.info\\\/wp-content\\\/uploads\\\/2024\\\/06\\\/logo-gestinet-negro.png\",\"contentUrl\":\"https:\\\/\\\/gestinet.info\\\/wp-content\\\/uploads\\\/2024\\\/06\\\/logo-gestinet-negro.png\",\"width\":2557,\"height\":1186,\"caption\":\"Gestinet\"},\"image\":{\"@id\":\"https:\\\/\\\/gestinet.info\\\/#\\\/schema\\\/logo\\\/image\\\/\"}}]}<\/script>\n<!-- \/ Yoast SEO plugin. -->","yoast_head_json":{"title":"Actualidad - Manteniment Inform\u00e0tic - Gestinet","robots":{"index":"index","follow":"follow","max-snippet":"max-snippet:-1","max-image-preview":"max-image-preview:large","max-video-preview":"max-video-preview:-1"},"canonical":"https:\/\/gestinet.info\/es\/actualidad\/","og_locale":"es_ES","og_type":"article","og_title":"Actualidad - Manteniment Inform\u00e0tic - Gestinet","og_url":"https:\/\/gestinet.info\/es\/actualidad\/","og_site_name":"Manteniment Inform\u00e0tic - Gestinet","article_modified_time":"2024-11-14T11:07:25+00:00","twitter_card":"summary_large_image","schema":{"@context":"https:\/\/schema.org","@graph":[{"@type":"WebPage","@id":"https:\/\/gestinet.info\/es\/actualidad\/","url":"https:\/\/gestinet.info\/es\/actualidad\/","name":"Actualidad - Manteniment Inform\u00e0tic - Gestinet","isPartOf":{"@id":"https:\/\/gestinet.info\/#website"},"datePublished":"2024-07-04T12:42:54+00:00","dateModified":"2024-11-14T11:07:25+00:00","breadcrumb":{"@id":"https:\/\/gestinet.info\/es\/actualidad\/#breadcrumb"},"inLanguage":"es","potentialAction":[{"@type":"ReadAction","target":["https:\/\/gestinet.info\/es\/actualidad\/"]}]},{"@type":"BreadcrumbList","@id":"https:\/\/gestinet.info\/es\/actualidad\/#breadcrumb","itemListElement":[{"@type":"ListItem","position":1,"name":"Portada","item":"https:\/\/gestinet.info\/es\/"},{"@type":"ListItem","position":2,"name":"Actualidad"}]},{"@type":"WebSite","@id":"https:\/\/gestinet.info\/#website","url":"https:\/\/gestinet.info\/","name":"Gestinet","description":"Experts en manteniment i suport inform\u00e0tic","publisher":{"@id":"https:\/\/gestinet.info\/#organization"},"potentialAction":[{"@type":"SearchAction","target":{"@type":"EntryPoint","urlTemplate":"https:\/\/gestinet.info\/?s={search_term_string}"},"query-input":{"@type":"PropertyValueSpecification","valueRequired":true,"valueName":"search_term_string"}}],"inLanguage":"es"},{"@type":"Organization","@id":"https:\/\/gestinet.info\/#organization","name":"Gestinet","url":"https:\/\/gestinet.info\/","logo":{"@type":"ImageObject","inLanguage":"es","@id":"https:\/\/gestinet.info\/#\/schema\/logo\/image\/","url":"https:\/\/gestinet.info\/wp-content\/uploads\/2024\/06\/logo-gestinet-negro.png","contentUrl":"https:\/\/gestinet.info\/wp-content\/uploads\/2024\/06\/logo-gestinet-negro.png","width":2557,"height":1186,"caption":"Gestinet"},"image":{"@id":"https:\/\/gestinet.info\/#\/schema\/logo\/image\/"}}]}},"_links":{"self":[{"href":"https:\/\/gestinet.info\/es\/wp-json\/wp\/v2\/pages\/453","targetHints":{"allow":["GET"]}}],"collection":[{"href":"https:\/\/gestinet.info\/es\/wp-json\/wp\/v2\/pages"}],"about":[{"href":"https:\/\/gestinet.info\/es\/wp-json\/wp\/v2\/types\/page"}],"author":[{"embeddable":true,"href":"https:\/\/gestinet.info\/es\/wp-json\/wp\/v2\/users\/1"}],"replies":[{"embeddable":true,"href":"https:\/\/gestinet.info\/es\/wp-json\/wp\/v2\/comments?post=453"}],"version-history":[{"count":7,"href":"https:\/\/gestinet.info\/es\/wp-json\/wp\/v2\/pages\/453\/revisions"}],"predecessor-version":[{"id":936,"href":"https:\/\/gestinet.info\/es\/wp-json\/wp\/v2\/pages\/453\/revisions\/936"}],"wp:attachment":[{"href":"https:\/\/gestinet.info\/es\/wp-json\/wp\/v2\/media?parent=453"}],"curies":[{"name":"wp","href":"https:\/\/api.w.org\/{rel}","templated":true}]}}