{"id":1674,"date":"2025-03-31T14:57:33","date_gmt":"2025-03-31T12:57:33","guid":{"rendered":"https:\/\/dev.gestinet.info\/?page_id=1674"},"modified":"2025-03-31T15:25:34","modified_gmt":"2025-03-31T13:25:34","slug":"politica-de-seguridad-de-la-informacion","status":"publish","type":"page","link":"https:\/\/gestinet.info\/es\/politica-de-seguridad-de-la-informacion\/","title":{"rendered":"Pol\u00edtica de seguridad de la informaci\u00f3n"},"content":{"rendered":"\t\t<div data-elementor-type=\"wp-page\" data-elementor-id=\"1674\" class=\"elementor elementor-1674\" data-elementor-post-type=\"page\">\n\t\t\t\t<div class=\"elementor-element elementor-element-5193ceef e-flex e-con-boxed e-con e-parent\" data-id=\"5193ceef\" data-element_type=\"container\" data-e-type=\"container\">\n\t\t\t\t\t<div class=\"e-con-inner\">\n\t\t\t\t<div class=\"elementor-element elementor-element-6d29acd5 elementor-widget elementor-widget-text-editor\" data-id=\"6d29acd5\" data-element_type=\"widget\" data-e-type=\"widget\" data-widget_type=\"text-editor.default\">\n\t\t\t\t<div class=\"elementor-widget-container\">\n\t\t\t\t\t\t\t\t\t\n<p>Gestinet Internet Inform\u00e1tica sl, es una empresa l\u00edder en el sector de las tecnolog\u00edas de la informaci\u00f3n (TI). Nuestra misi\u00f3n es impulsar el \u00e9xito de nuestros clientes a trav\u00e9s de la implementaci\u00f3n de soluciones organizativas innovadoras y tecnolog\u00edas avanzadas. En Gestinet, so\u00f1amos, innovamos y aceptamos desaf\u00edos para ofrecer siempre el mejor servicio.\u00a0\u00a0<\/p>\n\n<p>\u00a0Los objetivos fundamentales de nuestro sistema de gesti\u00f3n de seguridad de la informaci\u00f3n son los siguientes:\u00a0\u00a0<\/p>\n\n<ul class=\"wp-block-list\">\n<li>Proteger los activos de informaci\u00f3n conforme a su valor o importancia.\u00a0<\/li>\n\n<li>Garantizar la\u00a0<strong>confidencialidad, disponibilidad e integridad<\/strong>\u00a0de la informaci\u00f3n.\u00a0<\/li>\n\n<li>Gestionar de manera diligente los riesgos identificados.\u00a0<\/li>\n\n<li>Preservar la privacidad de clientes, empleados, proveedores y terceras partes.\u00a0<\/li>\n\n<li>Cumplir con los requisitos legales y normativos aplicables.\u00a0<\/li>\n\n<li>Mejorar continuadamente el sistema de seguridad de la informaci\u00f3n.\u00a0<\/li>\n<\/ul>\n\n<h3 class=\"wp-block-heading\"><strong>Compromisos de la Direcci\u00f3n:<\/strong>\u00a0<\/h3>\n\n<p>Para alcanzar estos objetivos, la Direcci\u00f3n de Gestinet asume el compromiso de optimizar su pol\u00edtica de seguridad basada en los siguientes principios:\u00a0\u00a0<\/p>\n\n<ul class=\"wp-block-list\">\n<li><strong>Prevenci\u00f3n de Riesgos:<\/strong>\u00a0Establecer directrices y medios adecuados para eliminar o mitigar riesgos potenciales en la seguridad de la informaci\u00f3n.\u00a0<\/li>\n\n<li><strong>Protecci\u00f3n del medio ambiente:<\/strong>\u00a0Reducir y prevenir los impactos medioambientales derivados de nuestras actividades, productos o servicios.\u00a0\u00a0<\/li>\n\n<li><strong>Cumplimiento Legal:<\/strong>\u00a0Garantizar el cumplimiento de todos los requisitos legales y otros establecidos por nuestros clientes, consider\u00e1ndolos como m\u00ednimos a alcanzar.\u00a0<\/li>\n\n<li><strong>Difusi\u00f3n y concienciaci\u00f3n:<\/strong>\u00a0Promover activamente la seguridad de la informaci\u00f3n a trav\u00e9s de la difusi\u00f3n interna y externa de buenas pr\u00e1cticas.\u00a0<\/li>\n\n<li><strong>Participaci\u00f3n de grupos de inter\u00e9s (stakeholders):<\/strong>\u00a0 Involucrar a todos nuestros stakeholders en la mejora continua de la seguridad de la informaci\u00f3n.\u00a0<\/li>\n\n<li><strong>Capacitaci\u00f3n continua:<\/strong>\u00a0Formar constantemente a nuestros profesionales en conocimientos t\u00e9cnicos y habilidades, fomentando su participaci\u00f3n y compromiso con la seguridad de la informaci\u00f3n.\u00a0\u00a0\u00a0<\/li>\n\n<li><strong>Seguimiento<\/strong>:\u00a0 Establecer indicadores que permitan un an\u00e1lisis riguroso y la toma de decisiones informadas.\u00a0\u00a0<\/li>\n\n<li><strong>Mejora continua:<\/strong>\u00a0 Revisar peri\u00f3dicamente los objetivos y metas para asegurar la mejora constante de los procesos y contribuir al desarrollo sostenible.<\/li>\n\n<li><strong>Evaluaci\u00f3n y correcci\u00f3n:<\/strong>\u00a0 Analizar y corregir las desviaciones en materia de seguridad de la informaci\u00f3n, implementando las acciones correctivas y las mejoras necesarias.\u00a0<\/li>\n\n<li><strong>Enfoque sist\u00e9mico:<\/strong>\u00a0 Fomentar la participaci\u00f3n de todos los niveles de la organizaci\u00f3n, siendo conscientes de c\u00f3mo sus acciones contribuyen al logro de los objetivos del sistema y las repercusiones de los incumplimientos.\u00a0<\/li>\n<\/ul>\n\t\t\t\t\t\t\t\t<\/div>\n\t\t\t\t<\/div>\n\t\t\t\t\t<\/div>\n\t\t\t\t<\/div>\n\t\t\t\t<\/div>\n\t\t","protected":false},"excerpt":{"rendered":"<p>Gestinet Internet Inform\u00e1tica sl, es una empresa l\u00edder en el sector de las tecnolog\u00edas de la informaci\u00f3n (TI). Nuestra misi\u00f3n es impulsar el \u00e9xito de nuestros clientes a trav\u00e9s de la implementaci\u00f3n de soluciones organizativas innovadoras y tecnolog\u00edas avanzadas. En Gestinet, so\u00f1amos, innovamos y aceptamos desaf\u00edos para ofrecer siempre el mejor servicio.\u00a0\u00a0 \u00a0Los objetivos fundamentales [&hellip;]<\/p>\n","protected":false},"author":1,"featured_media":0,"parent":0,"menu_order":0,"comment_status":"closed","ping_status":"closed","template":"","meta":{"footnotes":""},"class_list":["post-1674","page","type-page","status-publish","hentry"],"yoast_head":"<!-- This site is optimized with the Yoast SEO plugin v27.3 - https:\/\/yoast.com\/product\/yoast-seo-wordpress\/ -->\n<title>Pol\u00edtica de seguridad de la informaci\u00f3n - Manteniment Inform\u00e0tic - Gestinet<\/title>\n<meta name=\"robots\" content=\"index, nofollow, max-snippet:-1, max-image-preview:large, max-video-preview:-1\" \/>\n<link rel=\"canonical\" href=\"https:\/\/gestinet.info\/es\/politica-de-seguridad-de-la-informacion\/\" \/>\n<meta property=\"og:locale\" content=\"es_ES\" \/>\n<meta property=\"og:type\" content=\"article\" \/>\n<meta property=\"og:title\" content=\"Pol\u00edtica de seguridad de la informaci\u00f3n - Manteniment Inform\u00e0tic - Gestinet\" \/>\n<meta property=\"og:description\" content=\"Gestinet Internet Inform\u00e1tica sl, es una empresa l\u00edder en el sector de las tecnolog\u00edas de la informaci\u00f3n (TI). Nuestra misi\u00f3n es impulsar el \u00e9xito de nuestros clientes a trav\u00e9s de la implementaci\u00f3n de soluciones organizativas innovadoras y tecnolog\u00edas avanzadas. En Gestinet, so\u00f1amos, innovamos y aceptamos desaf\u00edos para ofrecer siempre el mejor servicio.\u00a0\u00a0 \u00a0Los objetivos fundamentales [&hellip;]\" \/>\n<meta property=\"og:url\" content=\"https:\/\/gestinet.info\/es\/politica-de-seguridad-de-la-informacion\/\" \/>\n<meta property=\"og:site_name\" content=\"Manteniment Inform\u00e0tic - Gestinet\" \/>\n<meta property=\"article:modified_time\" content=\"2025-03-31T13:25:34+00:00\" \/>\n<meta name=\"twitter:card\" content=\"summary_large_image\" \/>\n<meta name=\"twitter:label1\" content=\"Tiempo de lectura\" \/>\n\t<meta name=\"twitter:data1\" content=\"2 minutos\" \/>\n<script type=\"application\/ld+json\" class=\"yoast-schema-graph\">{\"@context\":\"https:\\\/\\\/schema.org\",\"@graph\":[{\"@type\":\"WebPage\",\"@id\":\"https:\\\/\\\/gestinet.info\\\/es\\\/politica-de-seguridad-de-la-informacion\\\/\",\"url\":\"https:\\\/\\\/gestinet.info\\\/es\\\/politica-de-seguridad-de-la-informacion\\\/\",\"name\":\"Pol\u00edtica de seguridad de la informaci\u00f3n - Manteniment Inform\u00e0tic - Gestinet\",\"isPartOf\":{\"@id\":\"https:\\\/\\\/gestinet.info\\\/#website\"},\"datePublished\":\"2025-03-31T12:57:33+00:00\",\"dateModified\":\"2025-03-31T13:25:34+00:00\",\"breadcrumb\":{\"@id\":\"https:\\\/\\\/gestinet.info\\\/es\\\/politica-de-seguridad-de-la-informacion\\\/#breadcrumb\"},\"inLanguage\":\"es\",\"potentialAction\":[{\"@type\":\"ReadAction\",\"target\":[\"https:\\\/\\\/gestinet.info\\\/es\\\/politica-de-seguridad-de-la-informacion\\\/\"]}]},{\"@type\":\"BreadcrumbList\",\"@id\":\"https:\\\/\\\/gestinet.info\\\/es\\\/politica-de-seguridad-de-la-informacion\\\/#breadcrumb\",\"itemListElement\":[{\"@type\":\"ListItem\",\"position\":1,\"name\":\"Portada\",\"item\":\"https:\\\/\\\/gestinet.info\\\/es\\\/\"},{\"@type\":\"ListItem\",\"position\":2,\"name\":\"Pol\u00edtica de seguridad de la informaci\u00f3n\"}]},{\"@type\":\"WebSite\",\"@id\":\"https:\\\/\\\/gestinet.info\\\/#website\",\"url\":\"https:\\\/\\\/gestinet.info\\\/\",\"name\":\"Gestinet\",\"description\":\"Experts en manteniment i suport inform\u00e0tic\",\"publisher\":{\"@id\":\"https:\\\/\\\/gestinet.info\\\/#organization\"},\"potentialAction\":[{\"@type\":\"SearchAction\",\"target\":{\"@type\":\"EntryPoint\",\"urlTemplate\":\"https:\\\/\\\/gestinet.info\\\/?s={search_term_string}\"},\"query-input\":{\"@type\":\"PropertyValueSpecification\",\"valueRequired\":true,\"valueName\":\"search_term_string\"}}],\"inLanguage\":\"es\"},{\"@type\":\"Organization\",\"@id\":\"https:\\\/\\\/gestinet.info\\\/#organization\",\"name\":\"Gestinet\",\"url\":\"https:\\\/\\\/gestinet.info\\\/\",\"logo\":{\"@type\":\"ImageObject\",\"inLanguage\":\"es\",\"@id\":\"https:\\\/\\\/gestinet.info\\\/#\\\/schema\\\/logo\\\/image\\\/\",\"url\":\"https:\\\/\\\/gestinet.info\\\/wp-content\\\/uploads\\\/2024\\\/06\\\/logo-gestinet-negro.png\",\"contentUrl\":\"https:\\\/\\\/gestinet.info\\\/wp-content\\\/uploads\\\/2024\\\/06\\\/logo-gestinet-negro.png\",\"width\":2557,\"height\":1186,\"caption\":\"Gestinet\"},\"image\":{\"@id\":\"https:\\\/\\\/gestinet.info\\\/#\\\/schema\\\/logo\\\/image\\\/\"}}]}<\/script>\n<!-- \/ Yoast SEO plugin. -->","yoast_head_json":{"title":"Pol\u00edtica de seguridad de la informaci\u00f3n - Manteniment Inform\u00e0tic - Gestinet","robots":{"index":"index","follow":"nofollow","max-snippet":"max-snippet:-1","max-image-preview":"max-image-preview:large","max-video-preview":"max-video-preview:-1"},"canonical":"https:\/\/gestinet.info\/es\/politica-de-seguridad-de-la-informacion\/","og_locale":"es_ES","og_type":"article","og_title":"Pol\u00edtica de seguridad de la informaci\u00f3n - Manteniment Inform\u00e0tic - Gestinet","og_description":"Gestinet Internet Inform\u00e1tica sl, es una empresa l\u00edder en el sector de las tecnolog\u00edas de la informaci\u00f3n (TI). Nuestra misi\u00f3n es impulsar el \u00e9xito de nuestros clientes a trav\u00e9s de la implementaci\u00f3n de soluciones organizativas innovadoras y tecnolog\u00edas avanzadas. En Gestinet, so\u00f1amos, innovamos y aceptamos desaf\u00edos para ofrecer siempre el mejor servicio.\u00a0\u00a0 \u00a0Los objetivos fundamentales [&hellip;]","og_url":"https:\/\/gestinet.info\/es\/politica-de-seguridad-de-la-informacion\/","og_site_name":"Manteniment Inform\u00e0tic - Gestinet","article_modified_time":"2025-03-31T13:25:34+00:00","twitter_card":"summary_large_image","twitter_misc":{"Tiempo de lectura":"2 minutos"},"schema":{"@context":"https:\/\/schema.org","@graph":[{"@type":"WebPage","@id":"https:\/\/gestinet.info\/es\/politica-de-seguridad-de-la-informacion\/","url":"https:\/\/gestinet.info\/es\/politica-de-seguridad-de-la-informacion\/","name":"Pol\u00edtica de seguridad de la informaci\u00f3n - Manteniment Inform\u00e0tic - Gestinet","isPartOf":{"@id":"https:\/\/gestinet.info\/#website"},"datePublished":"2025-03-31T12:57:33+00:00","dateModified":"2025-03-31T13:25:34+00:00","breadcrumb":{"@id":"https:\/\/gestinet.info\/es\/politica-de-seguridad-de-la-informacion\/#breadcrumb"},"inLanguage":"es","potentialAction":[{"@type":"ReadAction","target":["https:\/\/gestinet.info\/es\/politica-de-seguridad-de-la-informacion\/"]}]},{"@type":"BreadcrumbList","@id":"https:\/\/gestinet.info\/es\/politica-de-seguridad-de-la-informacion\/#breadcrumb","itemListElement":[{"@type":"ListItem","position":1,"name":"Portada","item":"https:\/\/gestinet.info\/es\/"},{"@type":"ListItem","position":2,"name":"Pol\u00edtica de seguridad de la informaci\u00f3n"}]},{"@type":"WebSite","@id":"https:\/\/gestinet.info\/#website","url":"https:\/\/gestinet.info\/","name":"Gestinet","description":"Experts en manteniment i suport inform\u00e0tic","publisher":{"@id":"https:\/\/gestinet.info\/#organization"},"potentialAction":[{"@type":"SearchAction","target":{"@type":"EntryPoint","urlTemplate":"https:\/\/gestinet.info\/?s={search_term_string}"},"query-input":{"@type":"PropertyValueSpecification","valueRequired":true,"valueName":"search_term_string"}}],"inLanguage":"es"},{"@type":"Organization","@id":"https:\/\/gestinet.info\/#organization","name":"Gestinet","url":"https:\/\/gestinet.info\/","logo":{"@type":"ImageObject","inLanguage":"es","@id":"https:\/\/gestinet.info\/#\/schema\/logo\/image\/","url":"https:\/\/gestinet.info\/wp-content\/uploads\/2024\/06\/logo-gestinet-negro.png","contentUrl":"https:\/\/gestinet.info\/wp-content\/uploads\/2024\/06\/logo-gestinet-negro.png","width":2557,"height":1186,"caption":"Gestinet"},"image":{"@id":"https:\/\/gestinet.info\/#\/schema\/logo\/image\/"}}]}},"_links":{"self":[{"href":"https:\/\/gestinet.info\/es\/wp-json\/wp\/v2\/pages\/1674","targetHints":{"allow":["GET"]}}],"collection":[{"href":"https:\/\/gestinet.info\/es\/wp-json\/wp\/v2\/pages"}],"about":[{"href":"https:\/\/gestinet.info\/es\/wp-json\/wp\/v2\/types\/page"}],"author":[{"embeddable":true,"href":"https:\/\/gestinet.info\/es\/wp-json\/wp\/v2\/users\/1"}],"replies":[{"embeddable":true,"href":"https:\/\/gestinet.info\/es\/wp-json\/wp\/v2\/comments?post=1674"}],"version-history":[{"count":4,"href":"https:\/\/gestinet.info\/es\/wp-json\/wp\/v2\/pages\/1674\/revisions"}],"predecessor-version":[{"id":1696,"href":"https:\/\/gestinet.info\/es\/wp-json\/wp\/v2\/pages\/1674\/revisions\/1696"}],"wp:attachment":[{"href":"https:\/\/gestinet.info\/es\/wp-json\/wp\/v2\/media?parent=1674"}],"curies":[{"name":"wp","href":"https:\/\/api.w.org\/{rel}","templated":true}]}}