{"id":1670,"date":"2025-03-31T14:52:27","date_gmt":"2025-03-31T12:52:27","guid":{"rendered":"https:\/\/dev.gestinet.info\/?page_id=1670"},"modified":"2025-05-05T11:38:10","modified_gmt":"2025-05-05T09:38:10","slug":"aviso-legal","status":"publish","type":"page","link":"https:\/\/gestinet.info\/es\/aviso-legal\/","title":{"rendered":"Aviso legal"},"content":{"rendered":"\t\t<div data-elementor-type=\"wp-page\" data-elementor-id=\"1670\" class=\"elementor elementor-1670\" data-elementor-post-type=\"page\">\n\t\t\t\t<div class=\"elementor-element elementor-element-2bb0eb68 e-flex e-con-boxed e-con e-parent\" data-id=\"2bb0eb68\" data-element_type=\"container\" data-e-type=\"container\">\n\t\t\t\t\t<div class=\"e-con-inner\">\n\t\t\t\t<div class=\"elementor-element elementor-element-677e8001 elementor-widget elementor-widget-text-editor\" data-id=\"677e8001\" data-element_type=\"widget\" data-e-type=\"widget\" data-widget_type=\"text-editor.default\">\n\t\t\t\t<div class=\"elementor-widget-container\">\n\t\t\t\t\t\t\t\t\t<!DOCTYPE html>\n<html lang=\"es\">\n<head>\n    <meta charset=\"UTF-8\">\n    <meta name=\"viewport\" content=\"width=device-width, initial-scale=1.0\">\n    <title>Aviso Legal y Pol\u00edtica de Privacidad<\/title>\n<\/head>\n<body>\n    <h3>0. OBJETO Y ACEPTACI\u00d3N<\/h3>\n    <p>El presente aviso legal regula el uso del sitio web https:\/\/www.gestinet.com (en adelante, LA WEB), del cual es titular Gestinet INTERNET INFORM\u00c1TICA SL (en adelante, EL PROPIETARIO DE LA WEB).<\/p>\n    <p>La navegaci\u00f3n por el sitio web del PROPIETARIO DE LA WEB atribuye la condici\u00f3n de usuario del mismo y conlleva la aceptaci\u00f3n plena y sin reservas de todas y cada una de las disposiciones incluidas en este Aviso Legal, que pueden sufrir modificaciones.<\/p>\n    <p>El usuario se obliga a hacer un uso correcto del sitio web de acuerdo con las leyes, la buena fe, el orden p\u00fablico, los usos del tr\u00e1fico y el presente Aviso Legal. El usuario responder\u00e1 ante EL PROPIETARIO DE LA WEB o ante terceros, de cualquier da\u00f1o y perjuicio que pudieran causarse como consecuencia del incumplimiento de esta obligaci\u00f3n.<\/p>\n\n    <h3>1. IDENTIFICACI\u00d3N Y COMUNICACIONES<\/h3>\n    <p>EL PROPIETARIO DE LA WEB, en cumplimiento de la Ley 34\/2002, de 11 de julio, de servicios de la sociedad de la informaci\u00f3n y comercio electr\u00f3nico, le informa que:<\/p>\n    <ul>\n        <li>Su denominaci\u00f3n social es: <strong>GESTINET INTERNET INFORM\u00c1TICA S.L.<\/strong><\/li>\n        <li>Su CIF es: <strong>B-64778996<\/strong><\/li>\n        <li>Su domicilio social est\u00e1 en: <strong>Ronda de Mar, 53. 08720 Vilafranca del Pened\u00e8s<\/strong><\/li>\n    <\/ul>\n    <p>Para comunicarse con nosotros, ponemos a su disposici\u00f3n los siguientes medios de contacto:<\/p>\n    <ul>\n        <li>Tel\u00e9fono: +34 93 817 40 25<\/li>\n        <li>Correo electr\u00f3nico: info@gestinet.com<\/li>\n    <\/ul>\n    <p>Todas las notificaciones y comunicaciones entre los usuarios y EL PROPIETARIO DE LA WEB se considerar\u00e1n eficaces, a todos los efectos, cuando se realicen por correo postal o por cualquier otro medio de los detallados anteriormente.<\/p>\n\n    <h3>2. CONDICIONES DE ACCESO Y USO<\/h3>\n    <p>El sitio web y sus servicios son de acceso libre y gratuito, no obstante, EL PROPIETARIO DE LA WEB condiciona la utilizaci\u00f3n de algunos de los servicios ofrecidos en su web al previo llenado del correspondiente formulario.<\/p>\n    <p>El usuario garantiza la autenticidad y actualidad de todos aquellos datos que comunique al PROPIETARIO DE LA WEB y ser\u00e1 el \u00fanico responsable de las manifestaciones falsas o inexactas que realice.<\/p>\n    <p>El usuario se compromete expresamente a hacer un uso adecuado de los contenidos y servicios del PROPIETARIO DE LA WEB y a no utilizarlos para, entre otros:<\/p>\n    <ul>\n        <li>a) Difundir contenidos il\u00edcitos, violentos, pornogr\u00e1ficos, racistas, xen\u00f3fobos, ofensivos, de apolog\u00eda del terrorismo o, en general, contrarios a la ley o al orden p\u00fablico.<\/li>\n        <li>b) Introducir en la red virus inform\u00e1ticos o realizar acciones susceptibles de alterar, estropear, interrumpir o generar errores o da\u00f1os en los documentos electr\u00f3nicos, datos o sistemas f\u00edsicos y l\u00f3gicos del PROPIETARIO DE LA WEB o de terceros; as\u00ed como obstaculizar el acceso de otros usuarios al sitio web y a sus servicios mediante el consumo masivo de los recursos inform\u00e1ticos a trav\u00e9s de los cuales EL PROPIETARIO DE LA WEB presta sus servicios.<\/li>\n        <li>c) Intentar acceder a las cuentas de correo electr\u00f3nico de otros usuarios o a \u00e1reas restringidas de los sistemas inform\u00e1ticos del PROPIETARIO DE LA WEB o de terceros y, en su caso, extraer informaci\u00f3n.<\/li>\n        <li>d) Vulnerar los derechos de propiedad intelectual o industrial, as\u00ed como violar la confidencialidad de la informaci\u00f3n del PROPIETARIO DE LA WEB o de terceros.<\/li>\n        <li>e) Suplantar la identidad de otro usuario, de las administraciones p\u00fablicas o de un tercero.<\/li>\n        <li>f) Reproducir, copiar, distribuir, poner a disposici\u00f3n o de cualquier otra forma comunicar p\u00fablicamente, transformar o modificar los contenidos, salvo que se cuente con la autorizaci\u00f3n del titular de los correspondientes derechos o esto resulte legalmente permitido.<\/li>\n        <li>g) Solicitar datos con fines publicitarios y remitir publicidad de cualquier clase y comunicaciones con fines de venta u otros de naturaleza comercial sin que exista la previa solicitud o consentimiento.<\/li>\n    <\/ul>\n    <p>Todos los contenidos del sitio web, tales como textos, fotograf\u00edas, gr\u00e1ficos, im\u00e1genes, iconos, tecnolog\u00eda, software, as\u00ed como su dise\u00f1o gr\u00e1fico y c\u00f3digos fuente, constituyen una obra cuya propiedad pertenece al PROPIETARIO DE LA WEB, sin que puedan entenderse cedidos al usuario ninguno de los derechos de explotaci\u00f3n sobre los mismos m\u00e1s all\u00e1 de lo estrictamente necesario para el correcto uso del sitio web.<\/p>\n    <p>En definitiva, los usuarios que accedan a este sitio web pueden visualizar los contenidos y realizar, si procede, copias privadas autorizadas siempre que los elementos reproducidos no sean cedidos posteriormente a terceros, ni se instalen en servidores conectados a redes, ni sean objeto de ning\u00fan tipo de explotaci\u00f3n.<\/p>\n    <p>Asimismo, todas las marcas, nombres comerciales o signos distintivos de cualquier clase que aparecen en el sitio web son propiedad del PROPIETARIO DE LA WEB, sin que pueda entenderse que el uso o acceso al mismo atribuya al usuario alg\u00fan derecho sobre los mismos.<\/p>\n    <p>El establecimiento de un hiperenlace no implica en ning\u00fan caso la existencia de relaciones entre EL PROPIETARIO DE LA WEB y el propietario del sitio web en la cual se establezca, ni la aceptaci\u00f3n y aprobaci\u00f3n por parte del PROPIETARIO DE LA WEB de sus contenidos o servicios. Aquellas personas que se propongan establecer un hiperenlace previamente deber\u00e1n solicitar autorizaci\u00f3n por escrito al PROPIETARIO DE LA WEB. En todo caso, el hiperenlace \u00fanicamente permitir\u00e1 el acceso a la home-page o p\u00e1gina de inicio de nuestro sitio web, y se abstendr\u00e1n de realizar manifestaciones o indicaciones falsas, inexactas o incorrectas sobre EL PROPIETARIO DE LA WEB, o incluir contenidos il\u00edcitos, contrarios a la moral y el orden p\u00fablico.<\/p>\n    <p>EL PROPIETARIO DE LA WEB no se responsabiliza del uso que cada usuario le d\u00e9 a los materiales puestos a disposici\u00f3n en este sitio web ni de las acciones que realice en base a los mismos.<\/p>\n\n    <h3>3. EXCLUSI\u00d3N DE GARANT\u00cdAS Y DE RESPONSABILIDAD<\/h3>\n    <p>El contenido del presente sitio web es de car\u00e1cter general y tiene una finalidad meramente informativa, sin que se garantice plenamente el acceso a todos los contenidos, ni su exhaustividad, correcci\u00f3n, vigencia o actualidad, ni su idoneidad o utilidad para un objetivo espec\u00edfico.<\/p>\n    <p>EL PROPIETARIO DE LA WEB excluye, en la medida en que lo permita el ordenamiento jur\u00eddico, cualquier responsabilidad por los da\u00f1os y perjuicios de cualquier naturaleza derivados de:<\/p>\n    <ul>\n        <li>a) La imposibilidad de acceso al sitio web o la falta de veracidad, exactitud, exhaustividad y\/o actualidad de los contenidos, as\u00ed como la existencia de vicios y defectos de toda clase en los contenidos transmitidos, difundidos, almacenados, puestos a disposici\u00f3n a los que se haya accedido a trav\u00e9s de la web.<\/li>\n        <li>b) La presencia de virus u otros elementos en los contenidos que puedan producir alteraciones en los sistemas inform\u00e1ticos, documentos electr\u00f3nicos o datos de los usuarios.<\/li>\n        <li>c) El incumplimiento de la ley, la buena fe, el orden p\u00fablico, los usos del tr\u00e1fico o el presente Aviso Legal como consecuencia del uso indebido del sitio web.<\/li>\n        <li>d) Errores o defectos en el contenido proporcionado por terceros.<\/li>\n    <\/ul>\n\n    <h3>4. POL\u00cdTICA DE PRIVACIDAD<\/h3>\n    <p>EL PROPIETARIO DE LA WEB garantiza la protecci\u00f3n y confidencialidad de los datos personales, conforme a la legislaci\u00f3n vigente, de acuerdo con las condiciones establecidas en la <a href=\"https:\/\/www.gestinet.com\/politica-de-privacidad\">Pol\u00edtica de Privacidad<\/a> disponible en el sitio web.<\/p>\n\n    <h3>5. POL\u00cdTICA DE COOKIES<\/h3>\n    <p>Para m\u00e1s informaci\u00f3n sobre el uso de cookies en este sitio web, puede consultar nuestra <a href=\"https:\/\/www.gestinet.com\/politica-de-cookies\">Pol\u00edtica de Cookies<\/a>.<\/p>\n\n    <p>Fecha de \u00faltima actualizaci\u00f3n: 14 de abril de 2025<\/p>\n<\/body>\n<\/html>\n\t\t\t\t\t\t\t\t<\/div>\n\t\t\t\t<\/div>\n\t\t\t\t\t<\/div>\n\t\t\t\t<\/div>\n\t\t\t\t<\/div>\n\t\t","protected":false},"excerpt":{"rendered":"<p>Aviso Legal y Pol\u00edtica de Privacidad 0. OBJETO Y ACEPTACI\u00d3N El presente aviso legal regula el uso del sitio web https:\/\/www.gestinet.com (en adelante, LA WEB), del cual es titular Gestinet INTERNET INFORM\u00c1TICA SL (en adelante, EL PROPIETARIO DE LA WEB). La navegaci\u00f3n por el sitio web del PROPIETARIO DE LA WEB atribuye la condici\u00f3n de [&hellip;]<\/p>\n","protected":false},"author":1,"featured_media":0,"parent":0,"menu_order":0,"comment_status":"closed","ping_status":"closed","template":"","meta":{"footnotes":""},"class_list":["post-1670","page","type-page","status-publish","hentry"],"yoast_head":"<!-- This site is optimized with the Yoast SEO plugin v27.3 - https:\/\/yoast.com\/product\/yoast-seo-wordpress\/ -->\n<title>Aviso legal - Manteniment Inform\u00e0tic - Gestinet<\/title>\n<meta name=\"robots\" content=\"noindex, nofollow\" \/>\n<meta property=\"og:locale\" content=\"es_ES\" \/>\n<meta property=\"og:type\" content=\"article\" \/>\n<meta property=\"og:title\" content=\"Aviso legal - Manteniment Inform\u00e0tic - Gestinet\" \/>\n<meta property=\"og:description\" content=\"Aviso Legal y Pol\u00edtica de Privacidad 0. OBJETO Y ACEPTACI\u00d3N El presente aviso legal regula el uso del sitio web https:\/\/www.gestinet.com (en adelante, LA WEB), del cual es titular Gestinet INTERNET INFORM\u00c1TICA SL (en adelante, EL PROPIETARIO DE LA WEB). La navegaci\u00f3n por el sitio web del PROPIETARIO DE LA WEB atribuye la condici\u00f3n de [&hellip;]\" \/>\n<meta property=\"og:url\" content=\"https:\/\/gestinet.info\/es\/aviso-legal\/\" \/>\n<meta property=\"og:site_name\" content=\"Manteniment Inform\u00e0tic - Gestinet\" \/>\n<meta property=\"article:modified_time\" content=\"2025-05-05T09:38:10+00:00\" \/>\n<meta name=\"twitter:card\" content=\"summary_large_image\" \/>\n<meta name=\"twitter:label1\" content=\"Tiempo de lectura\" \/>\n\t<meta name=\"twitter:data1\" content=\"7 minutos\" \/>\n<script type=\"application\/ld+json\" class=\"yoast-schema-graph\">{\"@context\":\"https:\\\/\\\/schema.org\",\"@graph\":[{\"@type\":\"WebPage\",\"@id\":\"https:\\\/\\\/gestinet.info\\\/es\\\/aviso-legal\\\/\",\"url\":\"https:\\\/\\\/gestinet.info\\\/es\\\/aviso-legal\\\/\",\"name\":\"Aviso legal - Manteniment Inform\u00e0tic - Gestinet\",\"isPartOf\":{\"@id\":\"https:\\\/\\\/gestinet.info\\\/#website\"},\"datePublished\":\"2025-03-31T12:52:27+00:00\",\"dateModified\":\"2025-05-05T09:38:10+00:00\",\"breadcrumb\":{\"@id\":\"https:\\\/\\\/gestinet.info\\\/es\\\/aviso-legal\\\/#breadcrumb\"},\"inLanguage\":\"es\",\"potentialAction\":[{\"@type\":\"ReadAction\",\"target\":[\"https:\\\/\\\/gestinet.info\\\/es\\\/aviso-legal\\\/\"]}]},{\"@type\":\"BreadcrumbList\",\"@id\":\"https:\\\/\\\/gestinet.info\\\/es\\\/aviso-legal\\\/#breadcrumb\",\"itemListElement\":[{\"@type\":\"ListItem\",\"position\":1,\"name\":\"Portada\",\"item\":\"https:\\\/\\\/gestinet.info\\\/es\\\/\"},{\"@type\":\"ListItem\",\"position\":2,\"name\":\"Aviso legal\"}]},{\"@type\":\"WebSite\",\"@id\":\"https:\\\/\\\/gestinet.info\\\/#website\",\"url\":\"https:\\\/\\\/gestinet.info\\\/\",\"name\":\"Gestinet\",\"description\":\"Experts en manteniment i suport inform\u00e0tic\",\"publisher\":{\"@id\":\"https:\\\/\\\/gestinet.info\\\/#organization\"},\"potentialAction\":[{\"@type\":\"SearchAction\",\"target\":{\"@type\":\"EntryPoint\",\"urlTemplate\":\"https:\\\/\\\/gestinet.info\\\/?s={search_term_string}\"},\"query-input\":{\"@type\":\"PropertyValueSpecification\",\"valueRequired\":true,\"valueName\":\"search_term_string\"}}],\"inLanguage\":\"es\"},{\"@type\":\"Organization\",\"@id\":\"https:\\\/\\\/gestinet.info\\\/#organization\",\"name\":\"Gestinet\",\"url\":\"https:\\\/\\\/gestinet.info\\\/\",\"logo\":{\"@type\":\"ImageObject\",\"inLanguage\":\"es\",\"@id\":\"https:\\\/\\\/gestinet.info\\\/#\\\/schema\\\/logo\\\/image\\\/\",\"url\":\"https:\\\/\\\/gestinet.info\\\/wp-content\\\/uploads\\\/2024\\\/06\\\/logo-gestinet-negro.png\",\"contentUrl\":\"https:\\\/\\\/gestinet.info\\\/wp-content\\\/uploads\\\/2024\\\/06\\\/logo-gestinet-negro.png\",\"width\":2557,\"height\":1186,\"caption\":\"Gestinet\"},\"image\":{\"@id\":\"https:\\\/\\\/gestinet.info\\\/#\\\/schema\\\/logo\\\/image\\\/\"}}]}<\/script>\n<!-- \/ Yoast SEO plugin. -->","yoast_head_json":{"title":"Aviso legal - Manteniment Inform\u00e0tic - Gestinet","robots":{"index":"noindex","follow":"nofollow"},"og_locale":"es_ES","og_type":"article","og_title":"Aviso legal - Manteniment Inform\u00e0tic - Gestinet","og_description":"Aviso Legal y Pol\u00edtica de Privacidad 0. OBJETO Y ACEPTACI\u00d3N El presente aviso legal regula el uso del sitio web https:\/\/www.gestinet.com (en adelante, LA WEB), del cual es titular Gestinet INTERNET INFORM\u00c1TICA SL (en adelante, EL PROPIETARIO DE LA WEB). La navegaci\u00f3n por el sitio web del PROPIETARIO DE LA WEB atribuye la condici\u00f3n de [&hellip;]","og_url":"https:\/\/gestinet.info\/es\/aviso-legal\/","og_site_name":"Manteniment Inform\u00e0tic - Gestinet","article_modified_time":"2025-05-05T09:38:10+00:00","twitter_card":"summary_large_image","twitter_misc":{"Tiempo de lectura":"7 minutos"},"schema":{"@context":"https:\/\/schema.org","@graph":[{"@type":"WebPage","@id":"https:\/\/gestinet.info\/es\/aviso-legal\/","url":"https:\/\/gestinet.info\/es\/aviso-legal\/","name":"Aviso legal - Manteniment Inform\u00e0tic - Gestinet","isPartOf":{"@id":"https:\/\/gestinet.info\/#website"},"datePublished":"2025-03-31T12:52:27+00:00","dateModified":"2025-05-05T09:38:10+00:00","breadcrumb":{"@id":"https:\/\/gestinet.info\/es\/aviso-legal\/#breadcrumb"},"inLanguage":"es","potentialAction":[{"@type":"ReadAction","target":["https:\/\/gestinet.info\/es\/aviso-legal\/"]}]},{"@type":"BreadcrumbList","@id":"https:\/\/gestinet.info\/es\/aviso-legal\/#breadcrumb","itemListElement":[{"@type":"ListItem","position":1,"name":"Portada","item":"https:\/\/gestinet.info\/es\/"},{"@type":"ListItem","position":2,"name":"Aviso legal"}]},{"@type":"WebSite","@id":"https:\/\/gestinet.info\/#website","url":"https:\/\/gestinet.info\/","name":"Gestinet","description":"Experts en manteniment i suport inform\u00e0tic","publisher":{"@id":"https:\/\/gestinet.info\/#organization"},"potentialAction":[{"@type":"SearchAction","target":{"@type":"EntryPoint","urlTemplate":"https:\/\/gestinet.info\/?s={search_term_string}"},"query-input":{"@type":"PropertyValueSpecification","valueRequired":true,"valueName":"search_term_string"}}],"inLanguage":"es"},{"@type":"Organization","@id":"https:\/\/gestinet.info\/#organization","name":"Gestinet","url":"https:\/\/gestinet.info\/","logo":{"@type":"ImageObject","inLanguage":"es","@id":"https:\/\/gestinet.info\/#\/schema\/logo\/image\/","url":"https:\/\/gestinet.info\/wp-content\/uploads\/2024\/06\/logo-gestinet-negro.png","contentUrl":"https:\/\/gestinet.info\/wp-content\/uploads\/2024\/06\/logo-gestinet-negro.png","width":2557,"height":1186,"caption":"Gestinet"},"image":{"@id":"https:\/\/gestinet.info\/#\/schema\/logo\/image\/"}}]}},"_links":{"self":[{"href":"https:\/\/gestinet.info\/es\/wp-json\/wp\/v2\/pages\/1670","targetHints":{"allow":["GET"]}}],"collection":[{"href":"https:\/\/gestinet.info\/es\/wp-json\/wp\/v2\/pages"}],"about":[{"href":"https:\/\/gestinet.info\/es\/wp-json\/wp\/v2\/types\/page"}],"author":[{"embeddable":true,"href":"https:\/\/gestinet.info\/es\/wp-json\/wp\/v2\/users\/1"}],"replies":[{"embeddable":true,"href":"https:\/\/gestinet.info\/es\/wp-json\/wp\/v2\/comments?post=1670"}],"version-history":[{"count":7,"href":"https:\/\/gestinet.info\/es\/wp-json\/wp\/v2\/pages\/1670\/revisions"}],"predecessor-version":[{"id":2374,"href":"https:\/\/gestinet.info\/es\/wp-json\/wp\/v2\/pages\/1670\/revisions\/2374"}],"wp:attachment":[{"href":"https:\/\/gestinet.info\/es\/wp-json\/wp\/v2\/media?parent=1670"}],"curies":[{"name":"wp","href":"https:\/\/api.w.org\/{rel}","templated":true}]}}